{"id":13,"date":"2018-05-06T16:17:55","date_gmt":"2018-05-06T16:17:55","guid":{"rendered":"http:\/\/kanzlei-breitbarth.de\/?page_id=13"},"modified":"2021-05-30T23:56:55","modified_gmt":"2021-05-30T23:56:55","slug":"anfahrt","status":"publish","type":"page","link":"https:\/\/kanzlei-breitbarth.de\/?page_id=13","title":{"rendered":"Anfahrt"},"content":{"rendered":"<h2>So finden Sie uns:<\/h2>\n<p>Damit Sie nicht nur virtuell den Weg zu uns finden, sondern auch mit dem Auto, zu Fu\u00df oder mit den \u00f6ffentlichen Verkehrsmitteln&#8230;<\/p>\n<p><iframe loading=\"lazy\" style=\"border: 0;\" src=\"https:\/\/www.google.com\/maps\/embed?pb=!1m18!1m12!1m3!1d2669.4483849766852!2d7.856800915644376!3d48.005046579213065!2m3!1f0!2f0!3f0!3m2!1i1024!2i768!4f13.1!3m3!1m2!1s0x47911c85f890f947%3A0xab1b15507a927ed2!2sLerchenstra%C3%9Fe+2%2C+79104+Freiburg+im+Breisgau!5e0!3m2!1sde!2sde!4v1525645513138\" allowfullscreen=\"allowfullscreen\" width=\"600\" height=\"450\" frameborder=\"0\"><\/iframe><\/p>\n<p>Sie erreichen uns mit der Stadtbahnlinie 4, Haltestelle Hauptstra\u00dfe oder Tennenbacher Stra\u00dfe.<\/p>\n<p><strong>Rechtsanwaltskanzlei Breitbarth<br \/>\n<\/strong>Lerchenstra\u00dfe 2<br \/>\n79104 Freiburg<\/p>\n<p><strong>Tel.&nbsp;<\/strong>&nbsp;&nbsp;&nbsp; 0761\/5148776<br \/>\n<strong>Fax<\/strong> &nbsp;&nbsp;&nbsp; 0761\/5148778<br \/>\n<strong>Mail<\/strong>&nbsp;&nbsp; <a href=\"mailto:info@kanzlei-breitbarth.de\">info@kanzlei-breitbarth.de<\/a><\/p>\n","protected":false},"excerpt":{"rendered":"<p>So finden Sie uns: Damit Sie nicht nur virtuell den Weg zu uns finden, sondern auch mit dem Auto, zu Fu\u00df oder mit den \u00f6ffentlichen Verkehrsmitteln&#8230; Sie erreichen uns mit der Stadtbahnlinie 4, Haltestelle Hauptstra\u00dfe oder Tennenbacher Stra\u00dfe. Rechtsanwaltskanzlei Breitbarth Lerchenstra\u00dfe 2 79104 Freiburg Tel.&nbsp;&nbsp;&nbsp;&nbsp; 0761\/5148776 Fax &nbsp;&nbsp;&nbsp; 0761\/5148778 Mail&nbsp;&nbsp; info@kanzlei-breitbarth.de<\/p>\n","protected":false},"author":1,"featured_media":0,"parent":0,"menu_order":0,"comment_status":"closed","ping_status":"closed","template":"","meta":[],"_links":{"self":[{"href":"https:\/\/kanzlei-breitbarth.de\/index.php?rest_route=\/wp\/v2\/pages\/13"}],"collection":[{"href":"https:\/\/kanzlei-breitbarth.de\/index.php?rest_route=\/wp\/v2\/pages"}],"about":[{"href":"https:\/\/kanzlei-breitbarth.de\/index.php?rest_route=\/wp\/v2\/types\/page"}],"author":[{"embeddable":true,"href":"https:\/\/kanzlei-breitbarth.de\/index.php?rest_route=\/wp\/v2\/users\/1"}],"replies":[{"embeddable":true,"href":"https:\/\/kanzlei-breitbarth.de\/index.php?rest_route=%2Fwp%2Fv2%2Fcomments&post=13"}],"version-history":[{"count":7,"href":"https:\/\/kanzlei-breitbarth.de\/index.php?rest_route=\/wp\/v2\/pages\/13\/revisions"}],"predecessor-version":[{"id":270,"href":"https:\/\/kanzlei-breitbarth.de\/index.php?rest_route=\/wp\/v2\/pages\/13\/revisions\/270"}],"wp:attachment":[{"href":"https:\/\/kanzlei-breitbarth.de\/index.php?rest_route=%2Fwp%2Fv2%2Fmedia&parent=13"}],"curies":[{"name":"wp","href":"https:\/\/api.w.org\/{rel}","templated":true}]}}