{"id":15,"date":"2018-05-06T16:18:08","date_gmt":"2018-05-06T16:18:08","guid":{"rendered":"http:\/\/kanzlei-breitbarth.de\/?page_id=15"},"modified":"2021-05-30T23:55:01","modified_gmt":"2021-05-30T23:55:01","slug":"downloads","status":"publish","type":"page","link":"https:\/\/kanzlei-breitbarth.de\/?page_id=15","title":{"rendered":"Downloads"},"content":{"rendered":"<h2>Formulare:<\/h2>\n<h4><strong>1. Vollmacht<\/strong><\/h4>\n<p><a href=\"http:\/\/kanzlei-breitbarth.de\/wp-content\/uploads\/2021\/05\/Vollmacht-RAin-Breitbarth.pdf\">Download Vollmacht.pdf<\/a><\/p>\n<h4><\/h4>\n<h4><strong>2. Mandantenfragebogen<\/strong><\/h4>\n<p>Download Mandantenbogen<\/p>\n<h4><\/h4>\n<h4><strong>3. Einverst\u00e4ndniserkl\u00e4rung zum E-Mail-Versand<\/strong><\/h4>\n<p><a href=\"http:\/\/kanzlei-breitbarth.de\/wp-content\/uploads\/2021\/05\/Einversta\u0308ndniserkla\u0308rung-E-Mail-Versand-RAin-Breitbarth.pdf\">Download Einverst\u00e4ndniserkl\u00e4rung E-Mail<\/a><\/p>\n<h4><\/h4>\n<h4><strong>4. Information \u00fcber die Datenerhebung Artikel 13 DS-GVO<\/strong><\/h4>\n<p><a href=\"http:\/\/kanzlei-breitbarth.de\/wp-content\/uploads\/2021\/05\/Datenerhebung-RAin-Breitbarth.pdf\">Download Information-Datenerhebung<\/a><\/p>\n<h4><\/h4>\n<h4><strong>5. Prozesskostenhilfe \/ Verfahrenskostenhilfe<\/strong><\/h4>\n<p><a href=\"http:\/\/kanzlei-breitbarth.de\/wp-content\/uploads\/2018\/05\/Prozesskosten-Verfahrenskostenhilfe.pdf\">Download Prozesskosten-Verfahrenskostenhilfe.pdf<\/a><\/p>\n<h4><\/h4>\n<h4><strong>6. Fragebogen zum Versorgungsausgleich<\/strong><\/h4>\n<p>Download Fragebogen Versorgungsausgleich<\/p>\n","protected":false},"excerpt":{"rendered":"<p>Formulare: 1. Vollmacht Download Vollmacht.pdf 2. Mandantenfragebogen Download Mandantenbogen 3. Einverst\u00e4ndniserkl\u00e4rung zum E-Mail-Versand Download Einverst\u00e4ndniserkl\u00e4rung E-Mail 4. Information \u00fcber die Datenerhebung Artikel 13 DS-GVO Download Information-Datenerhebung 5. Prozesskostenhilfe \/ Verfahrenskostenhilfe Download Prozesskosten-Verfahrenskostenhilfe.pdf 6. Fragebogen zum Versorgungsausgleich Download Fragebogen Versorgungsausgleich<\/p>\n","protected":false},"author":1,"featured_media":0,"parent":0,"menu_order":0,"comment_status":"closed","ping_status":"closed","template":"","meta":[],"_links":{"self":[{"href":"https:\/\/kanzlei-breitbarth.de\/index.php?rest_route=\/wp\/v2\/pages\/15"}],"collection":[{"href":"https:\/\/kanzlei-breitbarth.de\/index.php?rest_route=\/wp\/v2\/pages"}],"about":[{"href":"https:\/\/kanzlei-breitbarth.de\/index.php?rest_route=\/wp\/v2\/types\/page"}],"author":[{"embeddable":true,"href":"https:\/\/kanzlei-breitbarth.de\/index.php?rest_route=\/wp\/v2\/users\/1"}],"replies":[{"embeddable":true,"href":"https:\/\/kanzlei-breitbarth.de\/index.php?rest_route=%2Fwp%2Fv2%2Fcomments&post=15"}],"version-history":[{"count":13,"href":"https:\/\/kanzlei-breitbarth.de\/index.php?rest_route=\/wp\/v2\/pages\/15\/revisions"}],"predecessor-version":[{"id":370,"href":"https:\/\/kanzlei-breitbarth.de\/index.php?rest_route=\/wp\/v2\/pages\/15\/revisions\/370"}],"wp:attachment":[{"href":"https:\/\/kanzlei-breitbarth.de\/index.php?rest_route=%2Fwp%2Fv2%2Fmedia&parent=15"}],"curies":[{"name":"wp","href":"https:\/\/api.w.org\/{rel}","templated":true}]}}