{"id":161,"date":"2018-05-20T10:12:19","date_gmt":"2018-05-20T10:12:19","guid":{"rendered":"http:\/\/kanzlei-breitbarth.de\/?page_id=161"},"modified":"2018-05-20T10:12:19","modified_gmt":"2018-05-20T10:12:19","slug":"datenschutzerklaerung","status":"publish","type":"page","link":"https:\/\/kanzlei-breitbarth.de\/?page_id=161","title":{"rendered":"Datenschutzerkl\u00e4rung"},"content":{"rendered":"<h1>Datenschutzerkl\u00e4rung &#8211; Datenverarbeitung auf dieser Internetseite<\/h1>\n<p>Der Schutz Ihrer personenbezogenen Daten hat f\u00fcr uns h\u00f6chste Priorit\u00e4t. F\u00fcr die Nutzung dieser Website gilt daher folgende Datenschutzerkl\u00e4rung. Diensteanbieter gem. \u00a7 13 TMG und verantwortlich gem. \u00a7 Art. 4 Abs. 7 DS-GVO ist Frau Rechtsanw\u00e4ltin Nadja B\u00f6hm, Lerchenstr. 2, 79104 Freiburg, <a href=\"mailto:boehm@ra-boehm-freiburg.de\">boehm@ra-boehm-freiburg.de<\/a> .<\/p>\n<h3>1. Automatisierte Datenerhebung und -verarbeitung<\/h3>\n<p>Die Website der Kanzlei B\u00f6hm erhebt und speichert automatisch in ihren Server LOG Files Informationen, die Ihr Browser an uns \u00fcbermittelt. Dies sind:<\/p>\n<p>Browsertyp\/-version, verwendetes Betriebssystem, Referrer URL (die zuvor besuchte Seite) Hostname des zugreifenden Rechners (IP-Adresse), Uhrzeit der Serveranfrage.<\/p>\n<p>Diese Daten sind f\u00fcr die Kanzlei B\u00f6hm nicht bestimmten Personen zuordenbar. Eine Zusammenf\u00fchrung dieser Daten mit anderen Datenquellen wird nicht vorgenommen. Die Daten werden zudem nach einer statistischen Auswertung gel\u00f6scht.<\/p>\n<h3>2. Datenerhebung und -verarbeitung von freiwillig mitgeteilten Daten<\/h3>\n<p>Die Mitteilung personenbezogener Daten per E-Mail beziehungsweise \u00fcber diese Webseite oder das Kontaktformular (wie beispielsweise Name, Vorname, E-Mail-Adresse und Anschrift) erfolgt auf freiwilliger Basis. Die in diesem Zusammenhang von Ihnen angegebenen Daten werden nur zur Bearbeitung Ihrer Anfrage genutzt und ausschlie\u00dflich zu dem Zweck verarbeitet, zu dem Sie uns die Daten zur Verf\u00fcgung gestellt haben.<\/p>\n<p>Ihre personenbezogenen Daten werden im \u00dcbrigen nicht an Dritte weitergegeben, es sei denn, es besteht eine gesetzliche Verpflichtung hierzu oder Ihre vorherige ausdr\u00fcckliche Einwilligung. Soweit zur Durchf\u00fchrung und zur Abwicklung von Verarbeitungsprozessen die Dienstleistung Dritter in Anspruch genommen werden, werden die Bestimmungen der DS-GVO sowie des Bundesdatenschutzgesetzes (BDSG) eingehalten.<\/p>\n<h3>3. Dauer der Speicherung<\/h3>\n<p>Personenbezogene Daten, die Sie uns \u00fcber unsere Website mitgeteilt haben, speichern wir nur bis zur Zweckerf\u00fcllung der uns anvertrauten Daten. Jedoch kann die Speicherdauer f\u00fcr bestimmte Daten bis zu 10 Jahre betragen, sofern gesetzliche Aufbewahrungsfristen von uns zu beachten sind.<\/p>\n<h3>4. Datenschutzerkl\u00e4rung f\u00fcr Cookies<\/h3>\n<p>Unsere Website verwendet Cookies. Dies sind kleine Textdateien, die es m\u00f6glich machen, auf dem Endger\u00e4t des Nutzers spezifische, auf den Nutzer bezogene Informationen zu speichern, w\u00e4hrend er die Webseite nutzt. Cookies richten auf Ihrem Rechner keinen Schaden an und enthalten keine Viren. Cookies erm\u00f6glichen es, insbesondere Nutzungsh\u00e4ufigkeit und Nutzeranzahl der Seiten zu ermitteln, Verhaltensweisen der Seitennutzung zu analysieren, aber auch unser Angebot kundenfreundlicher zu gestalten.<\/p>\n<p>Die meisten der von uns verwendeten Cookies sind sogenannte \u201eSession Cookies\u201c. Sie werden nach Ende Ihres Besuchs automatisch gel\u00f6scht. Nur wenige unserer Cookies bleiben \u00fcber das Ende einer Browser-Sitzung gespeichert und k\u00f6nnen bei einem erneuten Besuch der Website wieder aufgerufen werden. Wenn Sie dies nicht w\u00fcnschen, sollten Sie Ihren Internetbrowser so einstellen, dass er die Annahme von Cookies verweigert. Bei der Deaktivierung von Cookies kann jedoch die Funktionalit\u00e4t unserer Website eingeschr\u00e4nkt sein.<\/p>\n<h3>5. Datenschutzerkl\u00e4rung f\u00fcr Google Analytics<\/h3>\n<p>Unsere Website verwendet Google Analytics, ein Webanalysedienst von Google Inc., 1600 Amphitheatre Parkway, Mountain View, CA 94043, USA. Zur Deaktivierung von Google Analytics stellt Google unter <a href=\"http:\/\/tools.google.com\/dlpage\/gaoptout?hl=de\">http:\/\/tools.google.com\/dlpage\/gaoptout?hl=de<\/a> ein Browser-Plug-In zur Verf\u00fcgung. Google Analytics verwendet Cookies. Das sind kleine Textdateien, die es m\u00f6glich machen auf dem Endger\u00e4t des Nutzers spezifische, auf den Nutzer bezogene Informationen zu speichern. Diese erm\u00f6glichen eine Analyse unseres Websiteangebots durch Google. Die durch den Cookie erfassten Informationen \u00fcber die Nutzung unserer Seiten (einschlie\u00dflich Ihrer IP-Adresse) werden in der Regel an einen Server von Google in den USA \u00fcbertragen und dort gespeichert. Wir weisen darauf hin, dass auf dieser Website Google Analytics um den Code \u201egat._ anonymizelp();\u201c erweitert wurde, um eine anonymisierte Erfassung von IP\u2013Adressen (sogenanntes IP\u2013Masking) zu gew\u00e4hrleisten. Ist die Anonymisierung aktiv, k\u00fcrzt Google IP-Adressen innerhalb der Mitgliedstaaten der Europ\u00e4ischen Union oder in anderen Vertragsstaaten des Abkommens \u00fcber den Europ\u00e4ischen Wirtschaftsraum, weswegen keine R\u00fcckschl\u00fcsse auf Ihre Identit\u00e4t m\u00f6glich sind. Nur in Ausnahmef\u00e4llen wird die volle IP-Adresse an einen Server von Google in den USA \u00fcbertragen und dort gek\u00fcrzt. Google beachtet die Datenschutzbestimmungen des \u201ePrivacy Shield\u201c-Abkommens und ist beim \u201ePrivacy Shield\u201c\u2013Programm des US-Handelsministeriums registriert und nutzt die gesammelten Informationen, um die Nutzung unserer Websites auszuwerten, Berichte f\u00fcr uns diesbez\u00fcglich zu verfassen und andere diesbez\u00fcgliche Dienstleistungen an uns zu erbringen. Mehr erfahren Sie unter:<\/p>\n<p><a href=\"http:\/\/www.google.com\/intl\/de\/analytics\/privacyoverview.html\">http:\/\/www.google.com\/intl\/de\/analytics\/privacyoverview.html<\/a>.<\/p>\n<p>Sie k\u00f6nnen die Speicherung der Cookies durch eine entsprechende Einstellung Ihrer Browser-Software verhindern; in diesem Fall k\u00f6nnen Sie aber eventuell nicht s\u00e4mtliche Funktionen dieser Website vollumf\u00e4nglich nutzen.<\/p>\n<h3>6. Einbindung von Google Maps<\/h3>\n<p>Wir nutzen das Angebot von Google Maps. Hierdurch k\u00f6nnen auf der Website direkt interaktive Karten gezeigt werden, welche die bequeme Nutzung der Kartenfunktion erm\u00f6glichen.<\/p>\n<p>Durch den Besuch unserer Website erh\u00e4lt Google die Information, dass Sie die entsprechende Unterseite unserer Website aufgerufen haben. Die unter 1. genannten Daten werden an Google \u00fcbermittelt. Wenn Sie bei Google eingeloggt sind, werden zudem Ihre Daten direkt Ihrem Konto zugeordnet. Sollten Sie eine Zuordnung mit Ihrem Profil bei Google nicht w\u00fcnschen, m\u00fcssen Sie sich vor Aktivierung des Buttons ausloggen. Google speichert Ihre Daten als Nutzungsprofil und benutzt sie zum Beispiel f\u00fcr Werbung, Marktforschung oder bedarfsgerechte Gestaltung der Google Webseite. Diese Auswertung erfolgt, selbst wenn Sie nicht eingeloggt sind. Sie haben ein Widerspruchsrecht gegen die Bildung dieser Nutzerprofile. Zur Aus\u00fcbung des Widerspruchsrechts m\u00fcssen Sie sich an Google wenden. Weitere Informationen hierzu und \u00fcber Ihre Rechte und Einstellungsm\u00f6glichkeiten zum Schutz Ihrer Privatsph\u00e4re erhalten Sie in der Datenschutzerkl\u00e4rung von Google Maps unter <a href=\"http:\/\/www.google.de\/intl\/policies\/privacy\">http:\/\/www.google.de\/intl\/policies\/privacy<\/a>. Nehmen Sie hierzu bitte auch die unter 5. genannten Ausf\u00fchrungen zur Kenntnis.<\/p>\n<h3>7. Ihre Rechte<\/h3>\n<p>Gem\u00e4\u00df\u00a0 Art. 13 ff. DS-GVO haben Sie in Bezug auf Ihre personenbezogenen Daten folgende Rechte:<\/p>\n<ul>\n<li>Auskunft<\/li>\n<li>Berichtigung oder L\u00f6schung<\/li>\n<li>Einschr\u00e4nkung der Verarbeitung<\/li>\n<li>Widerspruch gegen die Verarbeitung<\/li>\n<li>Daten\u00fcbertragbarkeit<\/li>\n<li>Beschwerde<\/li>\n<\/ul>\n<p>Ihr Vertrauen ist uns wichtig, daher m\u00f6chten wir Ihnen jederzeit Rede und Antwort bez\u00fcglich der Verarbeitung Ihrer personenbezogenen Daten stehen. Wenn Sie Fragen haben, die Ihnen diese Datenschutzerkl\u00e4rung nicht beantworten konnte oder wenn Sie zu einem Punkt vertiefte Informationen w\u00fcnschen oder einer Datenverarbeitung widersprechen m\u00f6chten, wenden Sie sich bitte jederzeit per E-Mail an <a href=\"mailto:boehm@ra-boehm-freiburg.de\">boehm@ra-boehm-freiburg.de<\/a> oder postalisch an Kanzlei B\u00f6hm, Frau Rechtsanw\u00e4ltin Nadja B\u00f6hm, Lerchenstr. 2, 79104 Freiburg.<\/p>\n","protected":false},"excerpt":{"rendered":"<p>Datenschutzerkl\u00e4rung &#8211; Datenverarbeitung auf dieser Internetseite Der Schutz Ihrer personenbezogenen Daten hat f\u00fcr uns h\u00f6chste Priorit\u00e4t. F\u00fcr die Nutzung dieser Website gilt daher folgende Datenschutzerkl\u00e4rung. Diensteanbieter gem. \u00a7 13 TMG und verantwortlich gem. \u00a7 Art. 4 Abs. 7 DS-GVO ist Frau Rechtsanw\u00e4ltin Nadja B\u00f6hm, Lerchenstr. 2, 79104 Freiburg, boehm@ra-boehm-freiburg.de . 1. Automatisierte Datenerhebung und -verarbeitung Die Website der Kanzlei B\u00f6hm [&hellip;]<\/p>\n","protected":false},"author":1,"featured_media":0,"parent":0,"menu_order":0,"comment_status":"closed","ping_status":"closed","template":"","meta":[],"_links":{"self":[{"href":"https:\/\/kanzlei-breitbarth.de\/index.php?rest_route=\/wp\/v2\/pages\/161"}],"collection":[{"href":"https:\/\/kanzlei-breitbarth.de\/index.php?rest_route=\/wp\/v2\/pages"}],"about":[{"href":"https:\/\/kanzlei-breitbarth.de\/index.php?rest_route=\/wp\/v2\/types\/page"}],"author":[{"embeddable":true,"href":"https:\/\/kanzlei-breitbarth.de\/index.php?rest_route=\/wp\/v2\/users\/1"}],"replies":[{"embeddable":true,"href":"https:\/\/kanzlei-breitbarth.de\/index.php?rest_route=%2Fwp%2Fv2%2Fcomments&post=161"}],"version-history":[{"count":1,"href":"https:\/\/kanzlei-breitbarth.de\/index.php?rest_route=\/wp\/v2\/pages\/161\/revisions"}],"predecessor-version":[{"id":162,"href":"https:\/\/kanzlei-breitbarth.de\/index.php?rest_route=\/wp\/v2\/pages\/161\/revisions\/162"}],"wp:attachment":[{"href":"https:\/\/kanzlei-breitbarth.de\/index.php?rest_route=%2Fwp%2Fv2%2Fmedia&parent=161"}],"curies":[{"name":"wp","href":"https:\/\/api.w.org\/{rel}","templated":true}]}}