{"id":220,"date":"2021-04-02T15:00:19","date_gmt":"2021-04-02T15:00:19","guid":{"rendered":"http:\/\/kanzlei-breitbarth.de\/?page_id=220"},"modified":"2021-04-12T20:04:26","modified_gmt":"2021-04-12T20:04:26","slug":"kooperationspartner","status":"publish","type":"page","link":"https:\/\/kanzlei-breitbarth.de\/?page_id=220","title":{"rendered":"Kooperationspartner"},"content":{"rendered":"\n<p><\/p>\n\n\n\n<div class=\"wp-block-media-text alignwide is-stacked-on-mobile\" style=\"grid-template-columns:29% auto\"><figure class=\"wp-block-media-text__media\"><img loading=\"lazy\" width=\"1024\" height=\"1016\" src=\"http:\/\/kanzlei-breitbarth.de\/wp-content\/uploads\/2021\/04\/Partner-1024x1016.jpg\" alt=\"\" class=\"wp-image-318 size-full\" srcset=\"https:\/\/kanzlei-breitbarth.de\/wp-content\/uploads\/2021\/04\/Partner-1024x1016.jpg 1024w, https:\/\/kanzlei-breitbarth.de\/wp-content\/uploads\/2021\/04\/Partner-300x298.jpg 300w, https:\/\/kanzlei-breitbarth.de\/wp-content\/uploads\/2021\/04\/Partner-150x150.jpg 150w, https:\/\/kanzlei-breitbarth.de\/wp-content\/uploads\/2021\/04\/Partner-768x762.jpg 768w, https:\/\/kanzlei-breitbarth.de\/wp-content\/uploads\/2021\/04\/Partner-1536x1524.jpg 1536w, https:\/\/kanzlei-breitbarth.de\/wp-content\/uploads\/2021\/04\/Partner.jpg 1799w\" sizes=\"(max-width: 1024px) 100vw, 1024px\" \/><\/figure><div class=\"wp-block-media-text__content\">\n<p style=\"font-size:17px\">Mit unseren langj\u00e4hrigen und erfahrenen Kooperationspartnern decken wir ein breites Spektrum ab und gew\u00e4hrleisten Ihnen so eine qualifizierte Beratung.<\/p>\n\n\n\n<ul><li>Nadja B\u00f6hm: Arbeitsrecht<\/li><\/ul>\n\n\n\n<ul><li>Daniela Stengel: Arbeitsrecht, Strafrecht und Familienrecht<\/li><\/ul>\n\n\n\n<ul><li>Christian G\u00f6pper: Mietrecht, Verwaltungsrecht und Sozialrecht<\/li><\/ul>\n\n\n\n<p><\/p>\n\n\n\n<p><\/p>\n<\/div><\/div>\n","protected":false},"excerpt":{"rendered":"<p>Mit unseren langj\u00e4hrigen und erfahrenen Kooperationspartnern decken wir ein breites Spektrum ab und gew\u00e4hrleisten Ihnen so eine qualifizierte Beratung. Nadja B\u00f6hm: Arbeitsrecht Daniela Stengel: Arbeitsrecht, Strafrecht und Familienrecht Christian G\u00f6pper: Mietrecht, Verwaltungsrecht und Sozialrecht<\/p>\n","protected":false},"author":1,"featured_media":0,"parent":0,"menu_order":0,"comment_status":"closed","ping_status":"closed","template":"","meta":[],"_links":{"self":[{"href":"https:\/\/kanzlei-breitbarth.de\/index.php?rest_route=\/wp\/v2\/pages\/220"}],"collection":[{"href":"https:\/\/kanzlei-breitbarth.de\/index.php?rest_route=\/wp\/v2\/pages"}],"about":[{"href":"https:\/\/kanzlei-breitbarth.de\/index.php?rest_route=\/wp\/v2\/types\/page"}],"author":[{"embeddable":true,"href":"https:\/\/kanzlei-breitbarth.de\/index.php?rest_route=\/wp\/v2\/users\/1"}],"replies":[{"embeddable":true,"href":"https:\/\/kanzlei-breitbarth.de\/index.php?rest_route=%2Fwp%2Fv2%2Fcomments&post=220"}],"version-history":[{"count":2,"href":"https:\/\/kanzlei-breitbarth.de\/index.php?rest_route=\/wp\/v2\/pages\/220\/revisions"}],"predecessor-version":[{"id":319,"href":"https:\/\/kanzlei-breitbarth.de\/index.php?rest_route=\/wp\/v2\/pages\/220\/revisions\/319"}],"wp:attachment":[{"href":"https:\/\/kanzlei-breitbarth.de\/index.php?rest_route=%2Fwp%2Fv2%2Fmedia&parent=220"}],"curies":[{"name":"wp","href":"https:\/\/api.w.org\/{rel}","templated":true}]}}