{"id":280,"date":"2021-04-11T17:18:31","date_gmt":"2021-04-11T17:18:31","guid":{"rendered":"http:\/\/kanzlei-breitbarth.de\/?page_id=280"},"modified":"2021-04-11T21:07:25","modified_gmt":"2021-04-11T21:07:25","slug":"herzlich-willkommen-in-der-rechtsanwaltskanzlei-breitbarth","status":"publish","type":"page","link":"https:\/\/kanzlei-breitbarth.de\/?page_id=280","title":{"rendered":"Herzlich Willkommen!"},"content":{"rendered":"\n<p>Hier berate und betreue ich Sie individuell und gr\u00fcndlich. Dabei lege ich besonderen Wert auf ein zeitnahes erstes Gespr\u00e4ch, um gemeinsam eine effektive und sinnvolle L\u00f6sung zu erarbeiten. Die W\u00fcnsche und Ziele der Mandantschaft stehen hierbei stets im Vordergrund. Gemeinsam mit meinem Team freue ich mich, Sie in unseren repr\u00e4sentativen Kanzleir\u00e4umen in Herdern zu empfangen.<\/p>\n","protected":false},"excerpt":{"rendered":"<p>Hier berate und betreue ich Sie individuell und gr\u00fcndlich. Dabei lege ich besonderen Wert auf ein zeitnahes erstes Gespr\u00e4ch, um gemeinsam eine effektive und sinnvolle L\u00f6sung zu erarbeiten. Die W\u00fcnsche und Ziele der Mandantschaft stehen hierbei stets im Vordergrund. Gemeinsam mit meinem Team freue ich mich, Sie in unseren repr\u00e4sentativen Kanzleir\u00e4umen in Herdern zu empfangen.<\/p>\n","protected":false},"author":1,"featured_media":281,"parent":0,"menu_order":0,"comment_status":"closed","ping_status":"closed","template":"","meta":[],"_links":{"self":[{"href":"https:\/\/kanzlei-breitbarth.de\/index.php?rest_route=\/wp\/v2\/pages\/280"}],"collection":[{"href":"https:\/\/kanzlei-breitbarth.de\/index.php?rest_route=\/wp\/v2\/pages"}],"about":[{"href":"https:\/\/kanzlei-breitbarth.de\/index.php?rest_route=\/wp\/v2\/types\/page"}],"author":[{"embeddable":true,"href":"https:\/\/kanzlei-breitbarth.de\/index.php?rest_route=\/wp\/v2\/users\/1"}],"replies":[{"embeddable":true,"href":"https:\/\/kanzlei-breitbarth.de\/index.php?rest_route=%2Fwp%2Fv2%2Fcomments&post=280"}],"version-history":[{"count":2,"href":"https:\/\/kanzlei-breitbarth.de\/index.php?rest_route=\/wp\/v2\/pages\/280\/revisions"}],"predecessor-version":[{"id":301,"href":"https:\/\/kanzlei-breitbarth.de\/index.php?rest_route=\/wp\/v2\/pages\/280\/revisions\/301"}],"wp:featuredmedia":[{"embeddable":true,"href":"https:\/\/kanzlei-breitbarth.de\/index.php?rest_route=\/wp\/v2\/media\/281"}],"wp:attachment":[{"href":"https:\/\/kanzlei-breitbarth.de\/index.php?rest_route=%2Fwp%2Fv2%2Fmedia&parent=280"}],"curies":[{"name":"wp","href":"https:\/\/api.w.org\/{rel}","templated":true}]}}