{"id":45,"date":"2018-05-06T16:54:37","date_gmt":"2018-05-06T16:54:37","guid":{"rendered":"http:\/\/kanzlei-breitbarth.de\/?page_id=45"},"modified":"2018-12-03T16:20:06","modified_gmt":"2018-12-03T16:20:06","slug":"impressum","status":"publish","type":"page","link":"https:\/\/kanzlei-breitbarth.de\/?page_id=45","title":{"rendered":"Impressum"},"content":{"rendered":"<p><strong>Postanschrift<\/strong><\/p>\n<p>Rechtsanwaltskanzlei Breitbarth<br \/>\nLerchenstra\u00dfe 2<br \/>\n79104 Freiburg-Herdern<\/p>\n<p>vertreten durch Rechtsanw\u00e4ltin Isabelle A. Breitbarth<\/p>\n<p><strong>Kontakt<\/strong><\/p>\n<p>Telefon\u00a0 0761\/5148776<br \/>\nFax\u00a0\u00a0\u00a0\u00a0\u00a0\u00a0\u00a0\u00a0\u00a0 0761\/5148778<br \/>\nE-Mail\u00a0\u00a0 info@kanzlei-breitbarth.de<\/p>\n<p><b>UST. Ident. Nr.<\/b><br \/>\n06026\/47593, Finanzamt Freiburg<\/p>\n<p><strong>Verantwortliche Redakteurin<br \/>\n<\/strong>Rechtsanw\u00e4ltin Isabelle A. Breitbarth<\/p>\n<p><b>Zust\u00e4ndige Aufsicht<\/b><br \/>\nRechtsanwaltskammer Freiburg<br \/>\nBertholdstr. 44, 79098 Freiburg<br \/>\nTel. 0761 \/ 32563, Fax 0761 \/ 286261<\/p>\n<p><b>Berufshaftpflichtversicherung<\/b><br \/>\nRechtsanw\u00e4ltinnen und Rechtsanw\u00e4lte sind aufgrund der Bundesrechtsanwaltsordnung verpflichtet, eine Berufshaftpflichtversicherung mit einer Mindestversicherungssumme von 250.000,00 \u20ac zu unterhalten.<\/p>\n<p>Meine Berufshaftpflichtversicherung besteht bei der WGV<\/p>\n<p>Mitglieds-\/ Kundennummer: P 84 983 947 \u2013 5<\/p>\n<p><b>Die Rechtsanw\u00e4lte unterliegen den folgenden berufsrechtlichen Regelungen:<\/b><\/p>\n<ul>\n<li>BRAO Bundesrechtsanwaltsordnung<\/li>\n<li>BORA Berufsordnung f\u00fcr Rechtsanw\u00e4lte<\/li>\n<li>FAO Fachanwaltsordnung<\/li>\n<li>RVG Rechtsanwaltsverg\u00fctungsgesetz<\/li>\n<li>Berufsregeln der Rechtsanw\u00e4lte der Europ\u00e4ischen Gemeinschaft<\/li>\n<li>Gesetz \u00fcber die T\u00e4tigkeit europ\u00e4ischer Rechtsanw\u00e4lte in Deutschland<\/li>\n<li>Law implementing the Directives of the European Community pertaining to the professional law regulating the legal profession<\/li>\n<\/ul>\n<p><b>Diese Regelungen finden Sie im Internet unter:<\/b><br \/>\n<a href=\"http:\/\/www.brak.de\/seiten\/06.php\" target=\"_blank\" rel=\"noopener\">http:\/\/www.brak.de\/seiten\/06.php<\/a><\/p>\n<p><b>Gerichtszulassungen \/ Auftretungsberechtigungen:<\/b><\/p>\n<ul>\n<li>Amtsgericht Freiburg<\/li>\n<li>Landgericht Freiburg<\/li>\n<li>Oberlandesgericht Karlsruhe<\/li>\n<li>sowie bei allen Amts-, Land- und Oberlandesgerichten in der Bundesrepublik Deutschland<\/li>\n<\/ul>\n<p><b>Copyright<\/b><br \/>\nAlle Texte, Grafiken, Downloadm\u00f6glichkeiten unterliegen dem Urheberrecht. Die Seiten d\u00fcrfen nur nach vorheriger schriftlicher Einwilligung zum eigenen Gebrauch vervielf\u00e4ltigt, gedruckt, weitergegeben oder in sonstiger Art und Weise reproduziert werden.<\/p>\n<p><b>Haftungsauschluss <\/b><br \/>\nF\u00fcr die Vollst\u00e4ndigkeit, Richtigkeit und Aktualit\u00e4t der ver\u00f6ffentlichen Daten und Informationen auf unserer Internetseite \u00fcbernehmen wir keine Gew\u00e4hr soweit dies gesetzlich zul\u00e4ssig ist. Die Haftung f\u00fcr jegliche Art von Sch\u00e4den, welche durch die Nutzung der aufgef\u00fchrten Informationen entstehen k\u00f6nnten, wird ausgeschlossen soweit dies gesetzlich zul\u00e4ssig ist.<\/p>\n","protected":false},"excerpt":{"rendered":"<p>Postanschrift Rechtsanwaltskanzlei Breitbarth Lerchenstra\u00dfe 2 79104 Freiburg-Herdern vertreten durch Rechtsanw\u00e4ltin Isabelle A. Breitbarth Kontakt Telefon\u00a0 0761\/5148776 Fax\u00a0\u00a0\u00a0\u00a0\u00a0\u00a0\u00a0\u00a0\u00a0 0761\/5148778 E-Mail\u00a0\u00a0 info@kanzlei-breitbarth.de UST. Ident. Nr. 06026\/47593, Finanzamt Freiburg Verantwortliche Redakteurin Rechtsanw\u00e4ltin Isabelle A. Breitbarth Zust\u00e4ndige Aufsicht Rechtsanwaltskammer Freiburg Bertholdstr. 44, 79098 Freiburg Tel. 0761 \/ 32563, Fax 0761 \/ 286261 Berufshaftpflichtversicherung Rechtsanw\u00e4ltinnen und Rechtsanw\u00e4lte sind aufgrund der Bundesrechtsanwaltsordnung verpflichtet, eine Berufshaftpflichtversicherung mit [&hellip;]<\/p>\n","protected":false},"author":1,"featured_media":0,"parent":0,"menu_order":0,"comment_status":"closed","ping_status":"closed","template":"","meta":[],"_links":{"self":[{"href":"https:\/\/kanzlei-breitbarth.de\/index.php?rest_route=\/wp\/v2\/pages\/45"}],"collection":[{"href":"https:\/\/kanzlei-breitbarth.de\/index.php?rest_route=\/wp\/v2\/pages"}],"about":[{"href":"https:\/\/kanzlei-breitbarth.de\/index.php?rest_route=\/wp\/v2\/types\/page"}],"author":[{"embeddable":true,"href":"https:\/\/kanzlei-breitbarth.de\/index.php?rest_route=\/wp\/v2\/users\/1"}],"replies":[{"embeddable":true,"href":"https:\/\/kanzlei-breitbarth.de\/index.php?rest_route=%2Fwp%2Fv2%2Fcomments&post=45"}],"version-history":[{"count":9,"href":"https:\/\/kanzlei-breitbarth.de\/index.php?rest_route=\/wp\/v2\/pages\/45\/revisions"}],"predecessor-version":[{"id":205,"href":"https:\/\/kanzlei-breitbarth.de\/index.php?rest_route=\/wp\/v2\/pages\/45\/revisions\/205"}],"wp:attachment":[{"href":"https:\/\/kanzlei-breitbarth.de\/index.php?rest_route=%2Fwp%2Fv2%2Fmedia&parent=45"}],"curies":[{"name":"wp","href":"https:\/\/api.w.org\/{rel}","templated":true}]}}