{"id":74,"date":"2018-05-06T20:47:00","date_gmt":"2018-05-06T20:47:00","guid":{"rendered":"http:\/\/kanzlei-breitbarth.de\/?page_id=74"},"modified":"2021-04-12T20:05:54","modified_gmt":"2021-04-12T20:05:54","slug":"rechtsgebiete","status":"publish","type":"page","link":"https:\/\/kanzlei-breitbarth.de\/?page_id=74","title":{"rendered":"Rechtsgebiete"},"content":{"rendered":"\n<p>Unsere Kanzlei ist ausschlie\u00dflich in den Rechtsgebieten Familienrecht und Erbrecht t\u00e4tig und weist hier \u00fcber 15 Jahre Erfahrung auf. Diese Spezialisierung erm\u00f6glicht es uns, Sie in anspruchsvollen rechtlichen Fragestellungen optimal zu betreuen.<br><\/p>\n\n\n\n<p><strong>Rund um das Familienrecht beraten wir Sie in den Bereichen<\/strong><\/p>\n\n\n\n<ul><li>Trennung und Ehescheidung<\/li><li>Unterhalt<\/li><li>Zugewinnausgleich und Verm\u00f6gensauseinandersetzung<\/li><li>Ehevertr\u00e4ge<\/li><li>Trennungsvereinbarungen und Scheidungsfolgenvereinbarungen<\/li><li>Ehewohnung und Wohnungszuweisung<\/li><li>Hausratsteilung<\/li><li>Renten-\/Versorgungsausgleich bei Scheidung<\/li><li>Regelungen anl\u00e4sslich der Trennung nicht verheirateter Paare bzw. von Lebenspartnern<\/li><li>Elterliche Sorge<\/li><li>Umgangsrecht<\/li><li>Aufenthaltsbestimmungsrecht und Kindesherausgabe<\/li><li>Gewaltschutzverfahren<\/li><li>Adoption<\/li><li>Patienten- und Vorsorgevollmachten<\/li><\/ul>\n\n\n\n<p><\/p>\n\n\n\n<p><strong>Im Rahmen des Erbrechts nehmen wir uns folgenden rechtlichen Fragestellungen an<\/strong><\/p>\n\n\n\n<ul><li>Gesetzliche und testamentarische Erbfolge<\/li><li>Vorweggenommene Erbfolge<\/li><li>Ausschlagung der Erbschaft<\/li><li>Testamentsgestaltung<\/li><li>Testamentsauslegung<\/li><li>Erbvertr\u00e4ge<\/li><li>Anfechtung letztwilliger Verf\u00fcgungen<\/li><li>Erbscheinsverfahren<\/li><li>Erbscheinseinziehung<\/li><li>Pflichtteilsrecht und Pflichtteilserg\u00e4nzung<\/li><li>Auskunftsanspr\u00fcche gegen die Erben und Dritte<\/li><li>Auseinandersetzung der Erbengemeinschaft<\/li><li>Geltendmachung und Abwehr von Verm\u00e4chtnissen<\/li><li>Gestaltung von Auseinandersetzungsvertr\u00e4gen<\/li><li>Testamentsvollstreckung<\/li><\/ul>\n","protected":false},"excerpt":{"rendered":"<p>Unsere Kanzlei ist ausschlie\u00dflich in den Rechtsgebieten Familienrecht und Erbrecht t\u00e4tig und weist hier \u00fcber 15 Jahre Erfahrung auf. Diese Spezialisierung erm\u00f6glicht es uns, Sie in anspruchsvollen rechtlichen Fragestellungen optimal zu betreuen. Rund um das Familienrecht beraten wir Sie in den Bereichen Trennung und Ehescheidung Unterhalt Zugewinnausgleich und Verm\u00f6gensauseinandersetzung Ehevertr\u00e4ge Trennungsvereinbarungen und Scheidungsfolgenvereinbarungen Ehewohnung und Wohnungszuweisung Hausratsteilung Renten-\/Versorgungsausgleich bei Scheidung [&hellip;]<\/p>\n","protected":false},"author":1,"featured_media":0,"parent":0,"menu_order":0,"comment_status":"closed","ping_status":"closed","template":"","meta":[],"_links":{"self":[{"href":"https:\/\/kanzlei-breitbarth.de\/index.php?rest_route=\/wp\/v2\/pages\/74"}],"collection":[{"href":"https:\/\/kanzlei-breitbarth.de\/index.php?rest_route=\/wp\/v2\/pages"}],"about":[{"href":"https:\/\/kanzlei-breitbarth.de\/index.php?rest_route=\/wp\/v2\/types\/page"}],"author":[{"embeddable":true,"href":"https:\/\/kanzlei-breitbarth.de\/index.php?rest_route=\/wp\/v2\/users\/1"}],"replies":[{"embeddable":true,"href":"https:\/\/kanzlei-breitbarth.de\/index.php?rest_route=%2Fwp%2Fv2%2Fcomments&post=74"}],"version-history":[{"count":5,"href":"https:\/\/kanzlei-breitbarth.de\/index.php?rest_route=\/wp\/v2\/pages\/74\/revisions"}],"predecessor-version":[{"id":307,"href":"https:\/\/kanzlei-breitbarth.de\/index.php?rest_route=\/wp\/v2\/pages\/74\/revisions\/307"}],"wp:attachment":[{"href":"https:\/\/kanzlei-breitbarth.de\/index.php?rest_route=%2Fwp%2Fv2%2Fmedia&parent=74"}],"curies":[{"name":"wp","href":"https:\/\/api.w.org\/{rel}","templated":true}]}}