{"id":9,"date":"2018-05-06T16:17:35","date_gmt":"2018-05-06T16:17:35","guid":{"rendered":"http:\/\/kanzlei-breitbarth.de\/?page_id=9"},"modified":"2022-08-09T11:06:46","modified_gmt":"2022-08-09T11:06:46","slug":"mitarbeiter","status":"publish","type":"page","link":"https:\/\/kanzlei-breitbarth.de\/?page_id=9","title":{"rendered":"Team"},"content":{"rendered":"\n<div class=\"wp-block-media-text alignwide is-stacked-on-mobile\" style=\"grid-template-columns:30% auto\"><figure class=\"wp-block-media-text__media\"><img loading=\"lazy\" width=\"615\" height=\"820\" src=\"http:\/\/kanzlei-breitbarth.de\/wp-content\/uploads\/2021\/04\/IsabelleABreitbarth_2.jpg\" alt=\"\" class=\"wp-image-293 size-full\" srcset=\"https:\/\/kanzlei-breitbarth.de\/wp-content\/uploads\/2021\/04\/IsabelleABreitbarth_2.jpg 615w, https:\/\/kanzlei-breitbarth.de\/wp-content\/uploads\/2021\/04\/IsabelleABreitbarth_2-225x300.jpg 225w\" sizes=\"(max-width: 615px) 100vw, 615px\" \/><\/figure><div class=\"wp-block-media-text__content\">\n<p style=\"font-size:22px\"><strong>Rechtsanw\u00e4ltin Isabelle A. Breitbarth<\/strong><\/p>\n\n\n\n<p>Rechtsanw\u00e4ltin Isabelle A. Breitbarth studierte Rechtswissenschaften an der Ruprecht-Karls-Universit\u00e4t Heidelberg, der Universit\u00e9 de Lausanne und der Albert-Ludwigs-Universit\u00e4t Freiburg. Ihr anschlie\u00dfendes Referendariat absolvierte sie in Waldshut-Tiengen. Die Zulassung als Rechtsanw\u00e4ltin erfolgte im Jahr 2003. Seit 2008 ist Isabelle A. Breitbarth au\u00dferdem Fachanw\u00e4ltin f\u00fcr Familienrecht. Regelm\u00e4\u00dfige Fortbildungen gew\u00e4hrleisten ein hohes Ma\u00df an rechtlicher Qualit\u00e4t.<\/p>\n\n\n\n<p>Isabelle A. Breitbarth ist dar\u00fcber hinaus auch zertifizierte Testamentsvollstreckerin (DVEV).<\/p>\n\n\n\n<p><\/p>\n\n\n\n<p>Team: Kathrin Piekors, Bianca Serafin, Maren Baumgartner<\/p>\n\n\n\n<p><\/p>\n<\/div><\/div>\n\n\n\n<p>    <\/p>\n","protected":false},"excerpt":{"rendered":"<p>Rechtsanw\u00e4ltin Isabelle A. Breitbarth Rechtsanw\u00e4ltin Isabelle A. Breitbarth studierte Rechtswissenschaften an der Ruprecht-Karls-Universit\u00e4t Heidelberg, der Universit\u00e9 de Lausanne und der Albert-Ludwigs-Universit\u00e4t Freiburg. Ihr anschlie\u00dfendes Referendariat absolvierte sie in Waldshut-Tiengen. Die Zulassung als Rechtsanw\u00e4ltin erfolgte im Jahr 2003. Seit 2008 ist Isabelle A. Breitbarth au\u00dferdem Fachanw\u00e4ltin f\u00fcr Familienrecht. Regelm\u00e4\u00dfige Fortbildungen gew\u00e4hrleisten ein hohes Ma\u00df an rechtlicher Qualit\u00e4t. Isabelle A. Breitbarth ist [&hellip;]<\/p>\n","protected":false},"author":1,"featured_media":0,"parent":0,"menu_order":0,"comment_status":"closed","ping_status":"closed","template":"","meta":[],"_links":{"self":[{"href":"https:\/\/kanzlei-breitbarth.de\/index.php?rest_route=\/wp\/v2\/pages\/9"}],"collection":[{"href":"https:\/\/kanzlei-breitbarth.de\/index.php?rest_route=\/wp\/v2\/pages"}],"about":[{"href":"https:\/\/kanzlei-breitbarth.de\/index.php?rest_route=\/wp\/v2\/types\/page"}],"author":[{"embeddable":true,"href":"https:\/\/kanzlei-breitbarth.de\/index.php?rest_route=\/wp\/v2\/users\/1"}],"replies":[{"embeddable":true,"href":"https:\/\/kanzlei-breitbarth.de\/index.php?rest_route=%2Fwp%2Fv2%2Fcomments&post=9"}],"version-history":[{"count":18,"href":"https:\/\/kanzlei-breitbarth.de\/index.php?rest_route=\/wp\/v2\/pages\/9\/revisions"}],"predecessor-version":[{"id":378,"href":"https:\/\/kanzlei-breitbarth.de\/index.php?rest_route=\/wp\/v2\/pages\/9\/revisions\/378"}],"wp:attachment":[{"href":"https:\/\/kanzlei-breitbarth.de\/index.php?rest_route=%2Fwp%2Fv2%2Fmedia&parent=9"}],"curies":[{"name":"wp","href":"https:\/\/api.w.org\/{rel}","templated":true}]}}